{"id":872,"date":"2015-06-06T06:51:20","date_gmt":"2015-06-06T06:51:20","guid":{"rendered":"http:\/\/www.hotelcruna.ch\/?page_id=872"},"modified":"2025-01-20T08:10:08","modified_gmt":"2025-01-20T08:10:08","slug":"agb","status":"publish","type":"page","link":"https:\/\/www.hotelcruna.ch\/en\/our-services\/agb\/","title":{"rendered":"Terms and Conditions"},"content":{"rendered":"<h1>Guest Informations A &#8211; Z<\/h1>\n<p><a href=\"https:\/\/www.hotelcruna.ch\/wp-content\/uploads\/2025\/01\/Gaesteinfo-Sommer-D-E.pdf\" target=\"_blank\" rel=\"noopener\">Guest informations summer PDF<\/a><\/p>\n<p><a href=\"https:\/\/www.hotelcruna.ch\/wp-content\/uploads\/2025\/01\/Gaesteinfo-Winter-D-E.pdf\" target=\"_blank\" rel=\"noopener\">Guest informations winter PDF<\/a><\/p>\n<p>&nbsp;<\/p>\n<h1>General Terms and Conditions<\/h1>\n<p>These General Terms and Conditions govern the legal relationship between you and the Hotel LA CRUNA in Sedrun. The reservation conrmation signed by both parties or verbally agreed liabilities serve as the basis.<\/p>\n<p><strong>Reservation \/ confirmation<br \/>\n<\/strong>As a rule, the reservation of one or more rooms becomes binding for both parties upon the signing and timely return of your conrmation. This also applies to oral reservations and reservations by e-mail.<\/p>\n<p><strong>Arrival \/ departure<br \/>\n<\/strong>The room will be ready for you on your arrival day from 3.00 pm. On the day of your departure, we kindly ask you to vacate the room by 11.00 a.m. at the latest. In case of early departure or late arrival, the arrangement price will be charged.<\/p>\n<p><strong> Guarantee<br \/>\n<\/strong>We reserve the right to take your credit card information or to request a deposit of 50% of the booked arrangement to guarantee the booking.<\/p>\n<p><strong>Cancellations \/ No-shows<br \/>\n<\/strong>Cancellation of the booking\/reservation requires the written consent of the hotel. If this is not given, the agreed price must be paid even if the guest does not make use of contractual services.<\/p>\n<p>Decisive for the calculation of the cancellation fee is the arrival of the guest&#8217;s written cancellation at the hotel. This applies to both letters and e-mail messages. If the guest withdraws from the contract without an approved cancellation, the hotel may charge the following cancellation fees.<\/p>\n<p>In the event of non-arrival due to illness, accident or in connection with Covid-19, a medical certificate will be required. In any case, we strongly recommend that you take out private cancellation insurance.<\/p>\n<p><strong> Cancellation fees for individual reservations<br \/>\n<\/strong>During the summer season (May &#8211; November) cancellations up to 3 days before arrival are free of charge.<br \/>\nFor cancellations between 2 &#8211; 0 days prior to arrival or no-shows, we charge 100% of the arrangement price.<\/p>\n<p>During the winter season (December &#8211; April) cancellations up to 7 days before arrival are free of charge.<br \/>\nBetween 6 &#8211; 4 days we charge 50% of the arrangement price, but for a maximum of 5 nights.<br \/>\nFor cancellations between 3 &#8211; 0 days before arrival or no-shows, we charge 100% of the arrangement price.<\/p>\n<p><strong> Cancellation fees for group reservations of 15 persons or more<br \/>\n<\/strong>Cancellation of the whole group is free of charge up to 60 days before arrival.<br \/>\nCancellations up to 30 days prior to arrival will be charged at 50%<br \/>\ncancellations up to 14 days prior to arrival will be charged at 100% of the arrangement price.<\/p>\n<p>Cancellations of individual group participants &#8211; but up to a maximum of 30% of the number of participants &#8211; are free of charge up to 7 days before arrival.<br \/>\nCancellations between 6 &#8211; 4 days prior to arrival will be charged at 50% of the arrangement price, but for a maximum of 5 nights.<br \/>\nFor cancellations between 3 &#8211; 0 days before arrival or no-shows, we charge 100% of the package price.<\/p>\n<p><strong>Cancellation insurance<br \/>\n<\/strong>We strongly recommend that you take out private cancellation insurance.<\/p>\n<p><strong>Liability<br \/>\n<\/strong>Guests are liable to the hotel for any damage to the furnishings or inventory caused by them or their guests. It is the guest&#8217;s own responsibility to take out adequate insurance. The hotel declines all responsibility for theft of and damage to objects, clothing and materials brought into the hotel. The hotel accepts no liability for valuables deposited in the mini-safe in the guest room. Larger amounts of cash can be deposited at reception against receipt.<\/p>\n<p><strong>Terms of payment and prices<br \/>\n<\/strong>We charge in Swiss Francs. Prices in \u20ac are indicative. Invoices are only sent within Switzerland and must be paid within 14 days of the invoice date. No discounts or reductions are granted.<\/p>\n<p>You are welcome to pay with cash, Twint, Maestro-CH, Maestro-International or Postcard. We also accept the following credit cards: VisaCard, MasterCard and American Express.<\/p>\n<p><strong>Price quatations<br \/>\n<\/strong>Our prices are indicative prices in CHF. We reserve the right to adjust prices.<\/p>\n<p><strong>Price quatations<\/strong><\/p>\n<h1>Our bank details<\/h1>\n<p>Raiffeisenbank CADI 7188 Sedrun, Sporthotel Krone AG Via Alpsu 65 7188 Sedrun, IBAN: CH64 8080 8009 8501 5825 0, BIC\/SWIFT: RAIFCH22.<\/p>\n<p>&nbsp;<\/p>\n<h1>Privacy policy<\/h1>\n<p>We inform you in detail about the use of personal data and the protection of the same in our data protection declaration. You can view our data protection declaration via the following link: hotelcruna.ch\/impressum\/. We process the compulsorily collected data exclusively for the fulfilment of the contractual cooperation such as reservation &amp; billing, for the fulfilment of legal reporting obligations, which also includes the passing on to the responsible local or cantonal authority. Any other use of the data at hand will only take place if you have consented to it. If the legal requirements are met, you as the data subject have the following rights:<\/p>\n<p><strong>Right of access: <\/strong>you have the right to request access to your personal data stored by us at any time and free of charge if we are processing it. This gives you the opportunity to check what personal data we are processing about you and that we are using it in accordance with applicable data protection regulations.<\/p>\n<p><strong>\u00a0<\/strong><strong>Right to rectification: <\/strong>You have the right to have inaccurate or incomplete personal data rectified and to be informed of the rectification. In this case, we will inform the recipients of the data concerned of the adjustments made, unless this is impossible or involves disproportionate effort.<\/p>\n<p><strong>Right to erasure:<\/strong> You have the right to have your personal data deleted under certain circumstances. In individual cases, especially in the case of legal retention obligations, the right to deletion may be excluded. In this case, the deletion may be replaced by a blocking of the data if the conditions are met.<\/p>\n<p><strong>Right to restrict processing:<\/strong> You have the right to request that the processing of your personal data be restricted.<\/p>\n<p><strong>Right to object:<\/strong> You can object to data processing at any time, especially for data processing in connection with direct advertising (e.g. advertising e-mails).<\/p>\n<p><strong>Right of revocation:<\/strong> In principle, you have the right to revoke any consent you have given at any time. However, processing activities based on your consent in the past will not become unlawful as a result of your revocation.<\/p>\n<p><strong>Right of complaint:<\/strong> You have the right to lodge a complaint with a competent supervisory authority, e.g. against the way in which your personal data is processed.<\/p>\n<p>To exercise these rights, please send us an e-mail to the following address: <u>info@hotelcruna.ch<\/u><\/p>\n<p>Sedrun, September 2023<\/p>\n<p>Applicable law and place of jurisdiction<br \/>\nSwiss law shall apply exclusively. The place of jurisdiction is Disentis.<\/p>\n<h3>This text is available only in German at this time. We apologize for any inconvenience.<\/h3>\n<p>Diese Allgemeinen Gesch\u00e4ftsbedingungen regeln die Rechtsbeziehung zwischen Ihnen und dem Hotel LA CRUNA in Sedrun. Als Grundlage dient die beidseitig unterzeichnete Reservationsbest\u00e4tigung.<\/p>\n<h3>Reservierung \/ Best\u00e4tigung<\/h3>\n<p>Die Reservierung eines oder mehrerer Zimmer wird in der Regel beidseitig verbindlich mit der Unterzeichnung und fristgerechten R\u00fccksendung Ihrer Best\u00e4tigung. Dies gilt auch f\u00fcr m\u00fcndliche Reservierungen und Reservierungen per E-Mail.<\/p>\n<h3>Ankunft \/ Abreise<\/h3>\n<p>Das Zimmer ist an Ihrem Ankunftstag ab 15.00 Uhr f\u00fcr Sie bereit. An Ihrem Abreisetag bitten wir Sie das Zimmer bis sp\u00e4testens 11.00 Uhr freizugeben. Bei vorzeitiger Abreise oder versp\u00e4teter Anreisen wird der ganze Arrangement-Preis in Rechnung gestellt.<\/p>\n<h3>Garantie<\/h3>\n<p>Bei Buchungen per Telefon oder Internet behalten wir uns vor, Ihre Kreditkarten-informationen aufzunehmen oder eine Anzahlung von 50% des gebuchten Arrangements zu verlangen, um die Buchung zu garantieren.<\/p>\n<h3>Annullierungen\/Stornierungen<\/h3>\n<p>W\u00e4hrend der Sommersaison (Mai \u2013 November) sind Stornierungen bis 3 Tage vor Anreise kostenlos. Bei Annullationen zwischen 2 \u2013 0 Tagen vor Anreise oder No-Show verrechnen wir 100% des Arrangement-Preises auf Basis Zimmer\/Fr\u00fchst\u00fcck f\u00fcr den ganzen Aufenthalt.<\/p>\n<p>W\u00e4hrend der Wintersaison (Dezember \u2013 April) sind Stornierungen bis 7 Tage vor Anreise kostenlos. Zwischen 6 \u2013 4 Tagen verrechnen wir 50% des Arrangement-Preises auf Basis Zimmer mit Fr\u00fchst\u00fcck, jedoch maximal f\u00fcr 5 N\u00e4chte. Bei Annullationen zwischen 3 \u2013 0 Tagen vor Anreise oder No-Show verrechnen wir 100% des Arrangement-Preises auf Basis Zimmer\/Fr\u00fchst\u00fcck f\u00fcr den ganzen Aufenthalt. Annullationen werden vom Hotel schriftlich r\u00fcckbest\u00e4tigt.<\/p>\n<h3>Annullierungskostenversicherung<\/h3>\n<p>Wir empfehlen Ihnen dringend den Abschluss einer privaten Annullierungs-kostenversicherung. Gerne senden wir Ihnen die Unterlagen der Europ\u00e4ischen Reise-versicherung AG zu.<\/p>\n<h3>Haftung<\/h3>\n<p>G\u00e4ste haften gegen\u00fcber dem Hotel f\u00fcr Besch\u00e4digungen der Einrichtung oder des Inventars, die durch sie oder ihre G\u00e4ste verursacht wurden. F\u00fcr eine ausreichende Versicherung ist der Gast selber verantwortlich. Das Hotel lehnt jede Verantwortung f\u00fcr Diebstahl und Besch\u00e4digung an mitgebrachten Objekten, Kleidung und Materialien ab.<br \/>\nF\u00fcr deponierte Wertgegenst\u00e4nde im Mini-Safe im G\u00e4stezimmer \u00fcbernimmt das Hotel keine Haftung. Gr\u00f6ssere Bargeldbetr\u00e4ge k\u00f6nnen an der Rezeption gegen Quittung hinterlegt werden.<\/p>\n<h3>Zahlungskonditionen und Preise<\/h3>\n<p>Wir rechnen in Schweizerfranken ab. Preisangaben in Euro sind Richtwerte und werden zum jeweiligen Tageskurs verrechnet. Rechnungen werden ausschliesslich innerhalb der Schweiz versandt und sind innerhalb von 14 Tagen nach Rechnungsdatum zu begleichen. Es werden keine Skonti oder Rabatte gew\u00e4hrt.<\/p>\n<p>Sie k\u00f6nnen gerne mit Bargeld, Maestro-CH, Maestro-International oder Postcard bezahlen. Des Weiteren akzeptieren wir folgende Kreditkarten: VisaCard, MasterCard und American Express, ausgenommen bei Pauschalen.<\/p>\n<h3>Preisangaben<\/h3>\n<p>Unsere Preisangaben sind in CHF. Die \u20ac-Preise richten sich nach dem jeweiligen Tageskurs<\/p>\n<h3>Unsere Bankangaben<\/h3>\n<p>Raiffeisenbank CADI 7188 Sedrun, Sporthotel Krone AG Via Alpsu 65 7188 Sedrun,<br \/>\nIBAN: CH59 8107 2000 0070 3376 5, BIC\/SWIFT: RAIFCH22.<\/p>\n<p>Anwendbares Recht und Gerichtsstand<br \/>\nEs gilt ausschliesslich schweizerisches Recht. Gerichtsstand ist Disentis.<\/p>\n","protected":false},"excerpt":{"rendered":"<p>Guest Informations A &#8211; Z Guest informations summer PDF Guest informations winter PDF &nbsp; General Terms and Conditions These General Terms and Conditions govern the legal relationship between you and the Hotel LA CRUNA in Sedrun. The reservation conrmation signed by both parties or verbally agreed liabilities serve as the basis. Reservation \/ confirmation As &hellip; <a href=\"https:\/\/www.hotelcruna.ch\/en\/our-services\/agb\/\" class=\"more-link\">Continue reading <span class=\"screen-reader-text\">Terms and Conditions<\/span> <span class=\"meta-nav\">&rarr;<\/span><\/a><\/p>\n","protected":false},"author":2,"featured_media":0,"parent":2343,"menu_order":36,"comment_status":"open","ping_status":"open","template":"","meta":{"_acf_changed":false,"footnotes":""},"class_list":["post-872","page","type-page","status-publish","hentry"],"acf":[],"_links":{"self":[{"href":"https:\/\/www.hotelcruna.ch\/en\/wp-json\/wp\/v2\/pages\/872","targetHints":{"allow":["GET"]}}],"collection":[{"href":"https:\/\/www.hotelcruna.ch\/en\/wp-json\/wp\/v2\/pages"}],"about":[{"href":"https:\/\/www.hotelcruna.ch\/en\/wp-json\/wp\/v2\/types\/page"}],"author":[{"embeddable":true,"href":"https:\/\/www.hotelcruna.ch\/en\/wp-json\/wp\/v2\/users\/2"}],"replies":[{"embeddable":true,"href":"https:\/\/www.hotelcruna.ch\/en\/wp-json\/wp\/v2\/comments?post=872"}],"version-history":[{"count":23,"href":"https:\/\/www.hotelcruna.ch\/en\/wp-json\/wp\/v2\/pages\/872\/revisions"}],"predecessor-version":[{"id":5968,"href":"https:\/\/www.hotelcruna.ch\/en\/wp-json\/wp\/v2\/pages\/872\/revisions\/5968"}],"up":[{"embeddable":true,"href":"https:\/\/www.hotelcruna.ch\/en\/wp-json\/wp\/v2\/pages\/2343"}],"wp:attachment":[{"href":"https:\/\/www.hotelcruna.ch\/en\/wp-json\/wp\/v2\/media?parent=872"}],"curies":[{"name":"wp","href":"https:\/\/api.w.org\/{rel}","templated":true}]}}