{"id":895,"date":"2015-06-15T07:26:44","date_gmt":"2015-06-15T07:26:44","guid":{"rendered":"http:\/\/www.hotelcruna.ch\/?page_id=895"},"modified":"2015-06-17T13:51:52","modified_gmt":"2015-06-17T13:51:52","slug":"jobs","status":"publish","type":"page","link":"https:\/\/www.hotelcruna.ch\/en\/jobs\/","title":{"rendered":"Jobs"},"content":{"rendered":"<h1>Jobs<\/h1>\n<p>This text is available only in German at this time. We apologize for any inconvenience.<\/p>\n<p>Unser Team vom HOTEL LA CRUNA***<br \/>\nmit seinen 29 Zimmern, internationaler und saisonaler K\u00fcche, Hotel- sowie \u00e0 la carte Restaurant in der Gotthard Region sucht Verst\u00e4rkung ab der Wintersaison, Eintritt nach Vereinbarung, in folgenden Bereichen:<\/p>\n<ul>\n<li><strong>K\u00fcche:<\/strong> Commis de cuisine, in Saison- oder Jahresstelle (m\/w)<\/li>\n<li><strong>Service:<\/strong> Mitarbeiterin, Teilzeit (ca. 30-40%), in Saison- oder Jahresstelle (m\/w)<\/li>\n<li><strong>Service:<\/strong> Mitarbeiterin, Saisonstelle (m\/w)<\/li>\n<\/ul>\n<p>Wir bieten eine verantwortungsvolle Position in Saison- oder Jahresstelle in Sedrun &#8211; an der Quelle des Rheins. Wenn Sie \u00fcber Erfahrungen in der Gastronomie verf\u00fcgen und Teil eines jungen, motivierten und engagierten Teams werden m\u00f6chten, dann w\u00fcrden wir Sie gerne pers\u00f6nlich kennen lernen.<\/p>\n<p>Auf Ihre kompletten Bewerbungsunterlagen mit Foto freuen wir uns. Gerne beantworten wir Ihnen erste Fragen telefonisch unter +41 (0)81 920 40 40. Verlangen Sie Herrn Josef Russi oder Frau Diana Russi.<\/p>\n","protected":false},"excerpt":{"rendered":"<p>Jobs This text is available only in German at this time. We apologize for any inconvenience. Unser Team vom HOTEL LA CRUNA*** mit seinen 29 Zimmern, internationaler und saisonaler K\u00fcche, Hotel- sowie \u00e0 la carte Restaurant in der Gotthard Region sucht Verst\u00e4rkung ab der Wintersaison, Eintritt nach Vereinbarung, in folgenden Bereichen: K\u00fcche: Commis de cuisine, &hellip; <a href=\"https:\/\/www.hotelcruna.ch\/en\/jobs\/\" class=\"more-link\">Continue reading <span class=\"screen-reader-text\">Jobs<\/span> <span class=\"meta-nav\">&rarr;<\/span><\/a><\/p>\n","protected":false},"author":2,"featured_media":0,"parent":0,"menu_order":42,"comment_status":"open","ping_status":"open","template":"","meta":{"_acf_changed":false,"footnotes":""},"class_list":["post-895","page","type-page","status-publish","hentry"],"acf":[],"_links":{"self":[{"href":"https:\/\/www.hotelcruna.ch\/en\/wp-json\/wp\/v2\/pages\/895","targetHints":{"allow":["GET"]}}],"collection":[{"href":"https:\/\/www.hotelcruna.ch\/en\/wp-json\/wp\/v2\/pages"}],"about":[{"href":"https:\/\/www.hotelcruna.ch\/en\/wp-json\/wp\/v2\/types\/page"}],"author":[{"embeddable":true,"href":"https:\/\/www.hotelcruna.ch\/en\/wp-json\/wp\/v2\/users\/2"}],"replies":[{"embeddable":true,"href":"https:\/\/www.hotelcruna.ch\/en\/wp-json\/wp\/v2\/comments?post=895"}],"version-history":[{"count":5,"href":"https:\/\/www.hotelcruna.ch\/en\/wp-json\/wp\/v2\/pages\/895\/revisions"}],"predecessor-version":[{"id":2285,"href":"https:\/\/www.hotelcruna.ch\/en\/wp-json\/wp\/v2\/pages\/895\/revisions\/2285"}],"wp:attachment":[{"href":"https:\/\/www.hotelcruna.ch\/en\/wp-json\/wp\/v2\/media?parent=895"}],"curies":[{"name":"wp","href":"https:\/\/api.w.org\/{rel}","templated":true}]}}