{"id":918,"date":"2015-06-03T07:39:38","date_gmt":"2015-06-03T07:39:38","guid":{"rendered":"http:\/\/www.hotelcruna.ch\/?page_id=918"},"modified":"2018-06-22T09:02:19","modified_gmt":"2018-06-22T09:02:19","slug":"medienberichte","status":"publish","type":"page","link":"https:\/\/www.hotelcruna.ch\/en\/news\/medienberichte\/","title":{"rendered":"Media Reports"},"content":{"rendered":"<h1>Media Reports<\/h1>\n<p>Our media reports are available in German for the moment. We apologize for any inconvenience.<\/p>\n<p>Our videos:<\/p>\n<p><iframe loading=\"lazy\" src=\"https:\/\/www.youtube.com\/embed\/6QrVW7xAy1A\" width=\"450\" height=\"253\" frameborder=\"0\" allowfullscreen=\"allowfullscreen\"><\/iframe><\/p>\n<p><iframe loading=\"lazy\" src=\"https:\/\/www.youtube.com\/embed\/T-Pb_rR8fxk\" width=\"450\" height=\"253\" frameborder=\"0\" allowfullscreen=\"allowfullscreen\"><\/iframe><\/p>\n<p>&nbsp;<\/p>\n<h1>Press Release&#8230;<\/h1>\n<ul>\n<li><a href=\"http:\/\/www.hotelcruna.ch\/wp-content\/uploads\/2015\/05\/Quotidiana-2014-12.pdf\" target=\"_blank\" rel=\"noopener\">Bericht zu unserem 20-Jahre Jubil\u00e4um (PDF)<\/a><\/li>\n<li><a href=\"http:\/\/issuu.com\/baumannfryberg.ch\/docs\/andermatter_sommer_2014_web\" target=\"_blank\" rel=\"noopener\">&#8220;Nice to go&#8221; &#8211; Kurzbericht auf Seite 47 (PDF)<\/a><\/li>\n<li><a href=\"http:\/\/www.hotelcruna.ch\/wp-content\/uploads\/2015\/05\/S\u00fcdostschweiz-August-2013.pdf\" target=\"_blank\" rel=\"noopener\">Modern tafeln in der altehrw\u00fcrdiger B\u00fcndnerstube (PDF)<\/a><\/li>\n<li><a href=\"http:\/\/www.hotelcruna.ch\/wp-content\/uploads\/2015\/05\/woGutDingWeileHat.pdf\" target=\"_blank\" rel=\"noopener\">Wo gut Ding Weile hat (PDF)<\/a><\/li>\n<\/ul>\n","protected":false},"excerpt":{"rendered":"<p>Media Reports Our media reports are available in German for the moment. We apologize for any inconvenience. Our videos: &nbsp; Press Release&#8230; Bericht zu unserem 20-Jahre Jubil\u00e4um (PDF) &#8220;Nice to go&#8221; &#8211; Kurzbericht auf Seite 47 (PDF) Modern tafeln in der altehrw\u00fcrdiger B\u00fcndnerstube (PDF) Wo gut Ding Weile hat (PDF)<\/p>\n","protected":false},"author":2,"featured_media":0,"parent":2360,"menu_order":48,"comment_status":"open","ping_status":"open","template":"","meta":{"_acf_changed":false,"footnotes":""},"class_list":["post-918","page","type-page","status-publish","hentry"],"acf":[],"_links":{"self":[{"href":"https:\/\/www.hotelcruna.ch\/en\/wp-json\/wp\/v2\/pages\/918","targetHints":{"allow":["GET"]}}],"collection":[{"href":"https:\/\/www.hotelcruna.ch\/en\/wp-json\/wp\/v2\/pages"}],"about":[{"href":"https:\/\/www.hotelcruna.ch\/en\/wp-json\/wp\/v2\/types\/page"}],"author":[{"embeddable":true,"href":"https:\/\/www.hotelcruna.ch\/en\/wp-json\/wp\/v2\/users\/2"}],"replies":[{"embeddable":true,"href":"https:\/\/www.hotelcruna.ch\/en\/wp-json\/wp\/v2\/comments?post=918"}],"version-history":[{"count":14,"href":"https:\/\/www.hotelcruna.ch\/en\/wp-json\/wp\/v2\/pages\/918\/revisions"}],"predecessor-version":[{"id":3462,"href":"https:\/\/www.hotelcruna.ch\/en\/wp-json\/wp\/v2\/pages\/918\/revisions\/3462"}],"up":[{"embeddable":true,"href":"https:\/\/www.hotelcruna.ch\/en\/wp-json\/wp\/v2\/pages\/2360"}],"wp:attachment":[{"href":"https:\/\/www.hotelcruna.ch\/en\/wp-json\/wp\/v2\/media?parent=918"}],"curies":[{"name":"wp","href":"https:\/\/api.w.org\/{rel}","templated":true}]}}